{"id":45815,"date":"2024-01-29T15:07:13","date_gmt":"2024-01-29T15:07:13","guid":{"rendered":"https:\/\/fba.ink\/kariera\/"},"modified":"2024-02-22T16:29:33","modified_gmt":"2024-02-22T16:29:33","slug":"kariera","status":"publish","type":"page","link":"https:\/\/fba.ink\/en\/kariera\/","title":{"rendered":"Kariera"},"content":{"rendered":"\t\t<div data-elementor-type=\"wp-page\" data-elementor-id=\"45815\" class=\"elementor elementor-45815 elementor-44703\" data-elementor-post-type=\"page\">\n\t\t\t\t\t\t<section data-particle_enable=\"false\" data-particle-mobile-disabled=\"false\" class=\"elementor-section elementor-top-section elementor-element elementor-element-5f055c0 elementor-section-full_width elementor-section-content-top elementor-section-height-default elementor-section-height-default\" data-id=\"5f055c0\" data-element_type=\"section\">\n\t\t\t\t\t\t<div class=\"elementor-container elementor-column-gap-default\">\n\t\t\t\t\t<div class=\"elementor-column elementor-col-50 elementor-top-column elementor-element elementor-element-d5c72fe\" data-id=\"d5c72fe\" data-element_type=\"column\">\n\t\t\t<div class=\"elementor-widget-wrap elementor-element-populated\">\n\t\t\t\t\t\t<div class=\"elementor-element elementor-element-d14c16b elementor-widget elementor-widget-rs-heading\" data-id=\"d14c16b\" data-element_type=\"widget\" data-widget_type=\"rs-heading.default\">\n\t\t\t\t<div class=\"elementor-widget-container\">\n\t\t\t\t\t        <div class=\"rs-heading default  \">\r\n        \t<div class=\"title-inner\">\r\n        \t\t      \t\t\r\n\t            <span class=\"sub-text \">CAREER<\/span><h2 class=\"title\"><span class=\"watermark\">JOIN US!<\/span>Join the FBA team!\n<\/h2>\t        <\/div>\r\n\t                    \t<div class=\"description\">\r\n            \t\t<p>At Freedom Business Area (FBA), we not only help specialists grow their businesses, but we are also constantly growing ourselves. We are a rapidly growing company with ambitions for the future, and the key to our success is people - our employees.<\/p>            \t\t\r\n            \t<\/div>\r\n        \t        <\/div>\r\n\r\n        \t\t\t\t<\/div>\n\t\t\t\t<\/div>\n\t\t\t\t<section data-particle_enable=\"false\" data-particle-mobile-disabled=\"false\" class=\"elementor-section elementor-inner-section elementor-element elementor-element-9177251 elementor-section-full_width elementor-section-height-default elementor-section-height-default\" data-id=\"9177251\" data-element_type=\"section\">\n\t\t\t\t\t\t<div class=\"elementor-container elementor-column-gap-default\">\n\t\t\t\t\t<div class=\"elementor-column elementor-col-50 elementor-inner-column elementor-element elementor-element-a35517f elementor-hidden-tablet\" data-id=\"a35517f\" data-element_type=\"column\">\n\t\t\t<div class=\"elementor-widget-wrap elementor-element-populated\">\n\t\t\t\t\t\t<div class=\"elementor-element elementor-element-349aef7 elementor-widget elementor-widget-rsfeatureslist\" data-id=\"349aef7\" data-element_type=\"widget\" data-widget_type=\"rsfeatureslist.default\">\n\t\t\t\t<div class=\"elementor-widget-container\">\n\t\t\t\t\t \n\n        <div class=\"rs-features-list-content\">        \n\n                                    <ul class=\"rs-features-list\">\n                                                    <li class=\"elementor-repeater-item-28b5797\">\n                                                                    <i class=\"fa fa-check-circle\"><\/i>\n                                                                <span class=\"rs-feature-text\">Development and training<\/span>\n                            <\/li>\n                                                    <li class=\"elementor-repeater-item-1bf8035\">\n                                                                    <i class=\"fa fa-check-circle\"><\/i>\n                                                                <span class=\"rs-feature-text\">Flexible working hours<\/span>\n                            <\/li>\n                                                    <li class=\"elementor-repeater-item-d153ff3\">\n                                                                    <i class=\"fa fa-check-circle\"><\/i>\n                                                                <span class=\"rs-feature-text\">Office in the center of Warsaw<\/span>\n                            <\/li>\n                                                    <li class=\"elementor-repeater-item-4ef79e2\">\n                                                                    <i class=\"fa fa-check-circle\"><\/i>\n                                                                <span class=\"rs-feature-text\">Friendly work environment<\/span>\n                            <\/li>\n                                                    <li class=\"elementor-repeater-item-e7aa50f\">\n                                                                    <i class=\"fa fa-check-circle\"><\/i>\n                                                                <span class=\"rs-feature-text\">Work in a young, dynamic team<\/span>\n                            <\/li>\n                                            <\/ul>\n                            \n        <\/div>\n        \t\t\t\t<\/div>\n\t\t\t\t<\/div>\n\t\t\t\t\t<\/div>\n\t\t<\/div>\n\t\t\t\t<div class=\"elementor-column elementor-col-50 elementor-inner-column elementor-element elementor-element-4f4d825 elementor-hidden-tablet\" data-id=\"4f4d825\" data-element_type=\"column\">\n\t\t\t<div class=\"elementor-widget-wrap elementor-element-populated\">\n\t\t\t\t\t\t<div class=\"elementor-element elementor-element-0b4199b elementor-widget elementor-widget-rsfeatureslist\" data-id=\"0b4199b\" data-element_type=\"widget\" data-widget_type=\"rsfeatureslist.default\">\n\t\t\t\t<div class=\"elementor-widget-container\">\n\t\t\t\t\t \n\n        <div class=\"rs-features-list-content\">        \n\n                                    <ul class=\"rs-features-list\">\n                                                    <li class=\"elementor-repeater-item-28b5797\">\n                                                                    <i class=\"fa fa-check-circle\"><\/i>\n                                                                <span class=\"rs-feature-text\">Possibility to work remotely<\/span>\n                            <\/li>\n                                                    <li class=\"elementor-repeater-item-1bf8035\">\n                                                                    <i class=\"fa fa-check-circle\"><\/i>\n                                                                <span class=\"rs-feature-text\">Attractive remuneration<\/span>\n                            <\/li>\n                                                    <li class=\"elementor-repeater-item-d153ff3\">\n                                                                    <i class=\"fa fa-check-circle\"><\/i>\n                                                                <span class=\"rs-feature-text\">Creativity and innovation<\/span>\n                            <\/li>\n                                                    <li class=\"elementor-repeater-item-4ef79e2\">\n                                                                    <i class=\"fa fa-check-circle\"><\/i>\n                                                                <span class=\"rs-feature-text\">International work environment<\/span>\n                            <\/li>\n                                            <\/ul>\n                            \n        <\/div>\n        \t\t\t\t<\/div>\n\t\t\t\t<\/div>\n\t\t\t\t\t<\/div>\n\t\t<\/div>\n\t\t\t\t\t<\/div>\n\t\t<\/section>\n\t\t\t\t\t<\/div>\n\t\t<\/div>\n\t\t\t\t<div class=\"elementor-column elementor-col-50 elementor-top-column elementor-element elementor-element-3644261\" data-id=\"3644261\" data-element_type=\"column\">\n\t\t\t<div class=\"elementor-widget-wrap elementor-element-populated\">\n\t\t\t\t\t\t<div class=\"elementor-element elementor-element-d611235 elementor-widget elementor-widget-rs-cf7\" data-id=\"d611235\" data-element_type=\"widget\" data-widget_type=\"rs-cf7.default\">\n\t\t\t\t<div class=\"elementor-widget-container\">\n\t\t\t\t\t\n<div class=\"wpcf7 no-js\" id=\"wpcf7-f45913-o1\" lang=\"en-US\" dir=\"ltr\" data-wpcf7-id=\"45913\">\n<div class=\"screen-reader-response\"><p role=\"status\" aria-live=\"polite\" aria-atomic=\"true\"><\/p> <ul><\/ul><\/div>\n<form action=\"\/en\/wp-json\/wp\/v2\/pages\/45815#wpcf7-f45913-o1\" method=\"post\" class=\"wpcf7-form init\" aria-label=\"Contact form\" enctype=\"multipart\/form-data\" novalidate=\"novalidate\" data-status=\"init\">\n<div style=\"display: none;\">\n<input type=\"hidden\" name=\"_wpcf7\" value=\"45913\" \/>\n<input type=\"hidden\" name=\"_wpcf7_version\" value=\"6.0.3\" \/>\n<input type=\"hidden\" name=\"_wpcf7_locale\" value=\"en_US\" \/>\n<input type=\"hidden\" name=\"_wpcf7_unit_tag\" value=\"wpcf7-f45913-o1\" \/>\n<input type=\"hidden\" name=\"_wpcf7_container_post\" value=\"0\" \/>\n<input type=\"hidden\" name=\"_wpcf7_posted_data_hash\" value=\"\" \/>\n<\/div>\n<input class=\"wpcf7-form-control wpcf7-hidden\" value=\"\" type=\"hidden\" name=\"utm_source\" \/>\n<input class=\"wpcf7-form-control wpcf7-hidden\" value=\"\" type=\"hidden\" name=\"utm_medium\" \/>\n<input class=\"wpcf7-form-control wpcf7-hidden\" value=\"\" type=\"hidden\" name=\"utm_campaign\" \/>\n<input class=\"wpcf7-form-control wpcf7-hidden\" value=\"\" type=\"hidden\" name=\"utm_term\" \/>\n<input class=\"wpcf7-form-control wpcf7-hidden\" value=\"\" type=\"hidden\" name=\"utm_content\" \/>\n<div class=\"contacts-form\">\n\t<div class=\"main-form__grid\">\n\t\t<div class='short-input contacts-form__input'>\n\t\t\t<p><label> Name*<br \/>\n<span class=\"wpcf7-form-control-wrap\" data-name=\"your-name\"><input size=\"40\" maxlength=\"400\" class=\"wpcf7-form-control wpcf7-text wpcf7-validates-as-required\" autocomplete=\"name\" aria-required=\"true\" aria-invalid=\"false\" placeholder=\"Ex. Jan\" value=\"\" type=\"text\" name=\"your-name\" \/><\/span> <\/label>\n\t\t\t<\/p>\n\t\t<\/div>\n\t\t<div class='short-input contacts-form__input'>\n\t\t\t<p><label> Last name*<br \/>\n<span class=\"wpcf7-form-control-wrap\" data-name=\"your-lastname\"><input size=\"40\" maxlength=\"400\" class=\"wpcf7-form-control wpcf7-text wpcf7-validates-as-required\" autocomplete=\"name\" aria-required=\"true\" aria-invalid=\"false\" placeholder=\"Ex. Kowalski\" value=\"\" type=\"text\" name=\"your-lastname\" \/><\/span> <\/label>\n\t\t\t<\/p>\n\t\t<\/div>\n\t\t<div class='short-input contacts-form__input'>\n\t\t\t<p><label> Email address*<br \/>\n<span class=\"wpcf7-form-control-wrap\" data-name=\"your-email\"><input size=\"40\" maxlength=\"400\" class=\"wpcf7-form-control wpcf7-email wpcf7-validates-as-required wpcf7-text wpcf7-validates-as-email\" autocomplete=\"email\" aria-required=\"true\" aria-invalid=\"false\" placeholder=\"Ex. jankowalski@example.pl\" value=\"\" type=\"email\" name=\"your-email\" \/><\/span> <\/label>\n\t\t\t<\/p>\n\t\t<\/div>\n\t\t<div class='short-input contacts-form__input'>\n\t\t\t<p><label> Phone number*<br \/>\n<span class=\"wpcf7-form-control-wrap\" data-name=\"phone\"><input size=\"40\" maxlength=\"400\" class=\"wpcf7-form-control wpcf7-tel wpcf7-validates-as-required wpcf7-text wpcf7-validates-as-tel\" aria-required=\"true\" aria-invalid=\"false\" placeholder=\"Ex.+48 123 456 789\" value=\"\" type=\"tel\" name=\"phone\" \/><\/span><\/label>\n\t\t\t<\/p>\n\t\t<\/div>\n\t<\/div>\n\t<div class='full-input main-textarea'>\n\t\t<p><label> Additional information (optional)<br \/>\n<span class=\"wpcf7-form-control-wrap\" data-name=\"your-message\"><textarea cols=\"40\" rows=\"10\" maxlength=\"2000\" class=\"wpcf7-form-control wpcf7-textarea\" aria-invalid=\"false\" placeholder=\"Here, type your message...\" name=\"your-message\"><\/textarea><\/span> <\/label>\n\t\t<\/p>\n\t<\/div>\n\t<div class='short-input contacts-form__file-button'>\n\t\t<p><label> Please attach your CV*<br \/>\n<span class=\"wpcf7-form-control-wrap\" data-name=\"cv\"><input size=\"40\" class=\"wpcf7-form-control wpcf7-file wpcf7-validates-as-required\" accept=\"image\/*,.txt,application\/pdf\" aria-required=\"true\" aria-invalid=\"false\" type=\"file\" name=\"cv\" \/><\/span> <\/label>\n\t\t<\/p>\n\t<\/div>\n\t<div class='short-input contacts-form__file-button'>\n\t\t<p><label> Please attach your cover letter<br \/>\n<span class=\"wpcf7-form-control-wrap\" data-name=\"list-mot\"><input size=\"40\" class=\"wpcf7-form-control wpcf7-file\" accept=\"image\/*,.txt,application\/pdf\" aria-invalid=\"false\" type=\"file\" name=\"list-mot\" \/><\/span> <\/label>\n\t\t<\/p>\n\t<\/div>\n\t<div class='contacts-form__privacy'>\n\t\t<p><span class=\"wpcf7-form-control-wrap\" data-name=\"checkbox-120\"><span class=\"wpcf7-form-control wpcf7-checkbox wpcf7-validates-as-required\"><span class=\"wpcf7-list-item first last\"><label><input type=\"checkbox\" name=\"checkbox-120[]\" value=\"I consent to receiving commercial information regarding services offered by Freedom Business Foundation based in Radom, electronically to the email address provided by me or by phone. I am aware that I can withdraw my consent at any time. Information about the processing of personal data by Freedom Business Foundation based in Radom can be found in the Privacy Policy.\" \/><span class=\"wpcf7-list-item-label\">I consent to receiving commercial information regarding services offered by Freedom Business Foundation based in Radom, electronically to the email address provided by me or by phone. I am aware that I can withdraw my consent at any time. Information about the processing of personal data by Freedom Business Foundation based in Radom can be found in the Privacy Policy.<\/span><\/label><\/span><\/span><\/span>\n\t\t<\/p>\n\t<\/div>\n\t<div class='contacts-form__submit'>\n\t\t<p><input class=\"wpcf7-form-control wpcf7-submit has-spinner\" type=\"submit\" value=\"Send the form\" \/>\n\t\t<\/p>\n\t<\/div>\n<\/div><div class=\"wpcf7-response-output\" aria-hidden=\"true\"><\/div>\n<\/form>\n<\/div>\n\t\t\t\t<\/div>\n\t\t\t\t<\/div>\n\t\t\t\t\t<\/div>\n\t\t<\/div>\n\t\t\t\t\t<\/div>\n\t\t<\/section>\n\t\t\t\t<\/div>\n\t\t","protected":false},"excerpt":{"rendered":"<p>CAREER JOIN US!Join the FBA team! At Freedom Business Area (FBA), we not only help specialists grow their businesses, but we are also constantly growing ourselves. We are a rapidly growing company with ambitions for the future, and the key to our success is people &#8211; our employees. Development and training Flexible working hours Office in the center of Warsaw Friendly work environment Work in a young, dynamic team Possibility to work remotely Attractive remuneration Creativity and innovation International work environment Imi\u0119* Nazwisko* Adres e-mail* Numer telefonu* Informacje dodatkowe (optional) Do\u0142\u0105cz swoje CV* Do\u0142\u0105cz list motywacyjny Wyra\u017cam zgod\u0119 na otrzymywanie od Fundacji Freedom Business Area z siedzib\u0105 w Radomiu drog\u0105 elektroniczn\u0105, na wskazany przeze mnie adres e-mail lub telefonicznie informacji handlowych dotycz\u0105cych oferowanych przez Fundacj\u0119 Freedom Business z siedzib\u0105 w Radomiu us\u0142ug. Jestem \u015bwiadomy\/a, \u017ce w ka\u017cdej chwili mog\u0119 wycofa\u0107 swoj\u0105 zgod\u0119. Informacje na temat przetwarzania danych osobowych przez Fundacj\u0119 Freedom Business z siedzib\u0105 w Radomiu znajduj\u0105 si\u0119 w Polityce Prywatno\u015bci.<\/p>\n","protected":false},"author":1,"featured_media":0,"parent":0,"menu_order":0,"comment_status":"closed","ping_status":"closed","template":"","meta":{"footnotes":""},"class_list":["post-45815","page","type-page","status-publish","hentry"],"yoast_head":"<!-- This site is optimized with the Yoast SEO plugin v24.4 - https:\/\/yoast.com\/wordpress\/plugins\/seo\/ -->\n<title>Kariera - Freedom Business Area<\/title>\n<meta name=\"robots\" content=\"index, follow, max-snippet:-1, max-image-preview:large, max-video-preview:-1\" \/>\n<link rel=\"canonical\" href=\"https:\/\/fba.ink\/kariera\/\" \/>\n<meta name=\"twitter:card\" content=\"summary_large_image\" \/>\n<meta name=\"twitter:title\" content=\"Kariera - Freedom Business Area\" \/>\n<meta name=\"twitter:description\" content=\"CAREER JOIN US!Join the FBA team! At Freedom Business Area (FBA), we not only help specialists grow their businesses, but we are also constantly growing ourselves. We are a rapidly growing company with ambitions for the future, and the key to our success is people &#8211; our employees. Development and training Flexible working hours Office in the center of Warsaw Friendly work environment Work in a young, dynamic team Possibility to work remotely Attractive remuneration Creativity and innovation International work environment Imi\u0119* Nazwisko* Adres e-mail* Numer telefonu* Informacje dodatkowe (optional) Do\u0142\u0105cz swoje CV* Do\u0142\u0105cz list motywacyjny Wyra\u017cam zgod\u0119 na otrzymywanie od Fundacji Freedom Business Area z siedzib\u0105 w Radomiu drog\u0105 elektroniczn\u0105, na wskazany przeze mnie adres e-mail lub telefonicznie informacji handlowych dotycz\u0105cych oferowanych przez Fundacj\u0119 Freedom Business z siedzib\u0105 w Radomiu us\u0142ug. Jestem \u015bwiadomy\/a, \u017ce w ka\u017cdej chwili mog\u0119 wycofa\u0107 swoj\u0105 zgod\u0119. Informacje na temat przetwarzania danych osobowych przez Fundacj\u0119 Freedom Business z siedzib\u0105 w Radomiu znajduj\u0105 si\u0119 w Polityce Prywatno\u015bci.\" \/>\n<meta name=\"twitter:label1\" content=\"Est. reading time\" \/>\n\t<meta name=\"twitter:data1\" content=\"1 minute\" \/>\n<script type=\"application\/ld+json\" class=\"yoast-schema-graph\">{\"@context\":\"https:\/\/schema.org\",\"@graph\":[{\"@type\":\"WebPage\",\"@id\":\"https:\/\/fba.ink\/kariera\/\",\"url\":\"https:\/\/fba.ink\/kariera\/\",\"name\":\"Kariera - Freedom Business Area\",\"isPartOf\":{\"@id\":\"https:\/\/fba.ink\/#website\"},\"datePublished\":\"2024-01-29T15:07:13+00:00\",\"dateModified\":\"2024-02-22T16:29:33+00:00\",\"breadcrumb\":{\"@id\":\"https:\/\/fba.ink\/kariera\/#breadcrumb\"},\"inLanguage\":\"en-US\",\"potentialAction\":[{\"@type\":\"ReadAction\",\"target\":[\"https:\/\/fba.ink\/kariera\/\"]}]},{\"@type\":\"BreadcrumbList\",\"@id\":\"https:\/\/fba.ink\/kariera\/#breadcrumb\",\"itemListElement\":[{\"@type\":\"ListItem\",\"position\":1,\"name\":\"\u0413\u043b\u0430\u0432\u043d\u0430\u044f \u0441\u0442\u0440\u0430\u043d\u0438\u0446\u0430\",\"item\":\"https:\/\/fba.ink\/en\/\"},{\"@type\":\"ListItem\",\"position\":2,\"name\":\"Kariera\"}]},{\"@type\":\"WebSite\",\"@id\":\"https:\/\/fba.ink\/#website\",\"url\":\"https:\/\/fba.ink\/\",\"name\":\"Freedom Business Area\",\"description\":\"Biznes Inkubator\",\"publisher\":{\"@id\":\"https:\/\/fba.ink\/#organization\"},\"potentialAction\":[{\"@type\":\"SearchAction\",\"target\":{\"@type\":\"EntryPoint\",\"urlTemplate\":\"https:\/\/fba.ink\/?s={search_term_string}\"},\"query-input\":{\"@type\":\"PropertyValueSpecification\",\"valueRequired\":true,\"valueName\":\"search_term_string\"}}],\"inLanguage\":\"en-US\"},{\"@type\":\"Organization\",\"@id\":\"https:\/\/fba.ink\/#organization\",\"name\":\"Freedom Business Area\",\"url\":\"https:\/\/fba.ink\/\",\"logo\":{\"@type\":\"ImageObject\",\"inLanguage\":\"en-US\",\"@id\":\"https:\/\/fba.ink\/#\/schema\/logo\/image\/\",\"url\":\"\",\"contentUrl\":\"\",\"caption\":\"Freedom Business Area\"},\"image\":{\"@id\":\"https:\/\/fba.ink\/#\/schema\/logo\/image\/\"},\"sameAs\":[\"https:\/\/www.facebook.com\/freedombusinessarea\/\",\"https:\/\/www.linkedin.com\/company\/fba-ink\/\",\"https:\/\/www.instagram.com\/fba.ink.official\/\",\"https:\/\/www.tiktok.com\/@fba.ink\"]}]}<\/script>\n<!-- \/ Yoast SEO plugin. -->","yoast_head_json":{"title":"Kariera - Freedom Business Area","robots":{"index":"index","follow":"follow","max-snippet":"max-snippet:-1","max-image-preview":"max-image-preview:large","max-video-preview":"max-video-preview:-1"},"canonical":"https:\/\/fba.ink\/kariera\/","twitter_card":"summary_large_image","twitter_title":"Kariera - Freedom Business Area","twitter_description":"CAREER JOIN US!Join the FBA team! At Freedom Business Area (FBA), we not only help specialists grow their businesses, but we are also constantly growing ourselves. We are a rapidly growing company with ambitions for the future, and the key to our success is people &#8211; our employees. Development and training Flexible working hours Office in the center of Warsaw Friendly work environment Work in a young, dynamic team Possibility to work remotely Attractive remuneration Creativity and innovation International work environment Imi\u0119* Nazwisko* Adres e-mail* Numer telefonu* Informacje dodatkowe (optional) Do\u0142\u0105cz swoje CV* Do\u0142\u0105cz list motywacyjny Wyra\u017cam zgod\u0119 na otrzymywanie od Fundacji Freedom Business Area z siedzib\u0105 w Radomiu drog\u0105 elektroniczn\u0105, na wskazany przeze mnie adres e-mail lub telefonicznie informacji handlowych dotycz\u0105cych oferowanych przez Fundacj\u0119 Freedom Business z siedzib\u0105 w Radomiu us\u0142ug. Jestem \u015bwiadomy\/a, \u017ce w ka\u017cdej chwili mog\u0119 wycofa\u0107 swoj\u0105 zgod\u0119. Informacje na temat przetwarzania danych osobowych przez Fundacj\u0119 Freedom Business z siedzib\u0105 w Radomiu znajduj\u0105 si\u0119 w Polityce Prywatno\u015bci.","twitter_misc":{"Est. reading time":"1 minute"},"schema":{"@context":"https:\/\/schema.org","@graph":[{"@type":"WebPage","@id":"https:\/\/fba.ink\/kariera\/","url":"https:\/\/fba.ink\/kariera\/","name":"Kariera - Freedom Business Area","isPartOf":{"@id":"https:\/\/fba.ink\/#website"},"datePublished":"2024-01-29T15:07:13+00:00","dateModified":"2024-02-22T16:29:33+00:00","breadcrumb":{"@id":"https:\/\/fba.ink\/kariera\/#breadcrumb"},"inLanguage":"en-US","potentialAction":[{"@type":"ReadAction","target":["https:\/\/fba.ink\/kariera\/"]}]},{"@type":"BreadcrumbList","@id":"https:\/\/fba.ink\/kariera\/#breadcrumb","itemListElement":[{"@type":"ListItem","position":1,"name":"\u0413\u043b\u0430\u0432\u043d\u0430\u044f \u0441\u0442\u0440\u0430\u043d\u0438\u0446\u0430","item":"https:\/\/fba.ink\/en\/"},{"@type":"ListItem","position":2,"name":"Kariera"}]},{"@type":"WebSite","@id":"https:\/\/fba.ink\/#website","url":"https:\/\/fba.ink\/","name":"Freedom Business Area","description":"Biznes Inkubator","publisher":{"@id":"https:\/\/fba.ink\/#organization"},"potentialAction":[{"@type":"SearchAction","target":{"@type":"EntryPoint","urlTemplate":"https:\/\/fba.ink\/?s={search_term_string}"},"query-input":{"@type":"PropertyValueSpecification","valueRequired":true,"valueName":"search_term_string"}}],"inLanguage":"en-US"},{"@type":"Organization","@id":"https:\/\/fba.ink\/#organization","name":"Freedom Business Area","url":"https:\/\/fba.ink\/","logo":{"@type":"ImageObject","inLanguage":"en-US","@id":"https:\/\/fba.ink\/#\/schema\/logo\/image\/","url":"","contentUrl":"","caption":"Freedom Business Area"},"image":{"@id":"https:\/\/fba.ink\/#\/schema\/logo\/image\/"},"sameAs":["https:\/\/www.facebook.com\/freedombusinessarea\/","https:\/\/www.linkedin.com\/company\/fba-ink\/","https:\/\/www.instagram.com\/fba.ink.official\/","https:\/\/www.tiktok.com\/@fba.ink"]}]}},"_links":{"self":[{"href":"https:\/\/fba.ink\/en\/wp-json\/wp\/v2\/pages\/45815","targetHints":{"allow":["GET"]}}],"collection":[{"href":"https:\/\/fba.ink\/en\/wp-json\/wp\/v2\/pages"}],"about":[{"href":"https:\/\/fba.ink\/en\/wp-json\/wp\/v2\/types\/page"}],"author":[{"embeddable":true,"href":"https:\/\/fba.ink\/en\/wp-json\/wp\/v2\/users\/1"}],"replies":[{"embeddable":true,"href":"https:\/\/fba.ink\/en\/wp-json\/wp\/v2\/comments?post=45815"}],"version-history":[{"count":0,"href":"https:\/\/fba.ink\/en\/wp-json\/wp\/v2\/pages\/45815\/revisions"}],"wp:attachment":[{"href":"https:\/\/fba.ink\/en\/wp-json\/wp\/v2\/media?parent=45815"}],"curies":[{"name":"wp","href":"https:\/\/api.w.org\/{rel}","templated":true}]}}