{"id":45495,"date":"2024-02-05T15:03:10","date_gmt":"2024-02-05T15:03:10","guid":{"rendered":"https:\/\/fba.ink\/?page_id=45495"},"modified":"2024-02-15T23:35:13","modified_gmt":"2024-02-15T23:35:13","slug":"polityka-cookies","status":"publish","type":"page","link":"https:\/\/fba.ink\/pl\/polityka-cookies\/","title":{"rendered":"Polityka cookies"},"content":{"rendered":"\t\t<div data-elementor-type=\"wp-page\" data-elementor-id=\"45495\" class=\"elementor elementor-45495\" data-elementor-post-type=\"page\">\n\t\t\t\t\t\t<section data-particle_enable=\"false\" data-particle-mobile-disabled=\"false\" class=\"elementor-section elementor-top-section elementor-element elementor-element-d7d2314 elementor-section-boxed elementor-section-height-default elementor-section-height-default\" data-id=\"d7d2314\" data-element_type=\"section\">\n\t\t\t\t\t\t<div class=\"elementor-container elementor-column-gap-default\">\n\t\t\t\t\t<div class=\"elementor-column elementor-col-100 elementor-top-column elementor-element elementor-element-e1e736e\" data-id=\"e1e736e\" data-element_type=\"column\">\n\t\t\t<div class=\"elementor-widget-wrap elementor-element-populated\">\n\t\t\t\t\t\t<div class=\"elementor-element elementor-element-3cb1b61 elementor-widget elementor-widget-rs-heading\" data-id=\"3cb1b61\" data-element_type=\"widget\" data-widget_type=\"rs-heading.default\">\n\t\t\t\t<div class=\"elementor-widget-container\">\n\t\t\t\t\t        <div class=\"rs-heading default center \">\r\n        \t<div class=\"title-inner\">\r\n        \t\t      \t\t\r\n\t            <span class=\"sub-text \">COOKIES<\/span><h2 class=\"title\"><span class=\"ez-toc-section\" id=\"COOKIESPolityka_cookies\"><\/span><span class=\"watermark\">COOKIES<\/span>Polityka cookies<span class=\"ez-toc-section-end\"><\/span><\/h2>\t        <\/div>\r\n\t                <\/div>\r\n\r\n        \t\t\t\t<\/div>\n\t\t\t\t<\/div>\n\t\t\t\t\t<\/div>\n\t\t<\/div>\n\t\t\t\t\t<\/div>\n\t\t<\/section>\n\t\t\t\t<section data-particle_enable=\"false\" data-particle-mobile-disabled=\"false\" class=\"elementor-section elementor-top-section elementor-element elementor-element-8a4940a elementor-section-boxed elementor-section-height-default elementor-section-height-default\" data-id=\"8a4940a\" data-element_type=\"section\">\n\t\t\t\t\t\t<div class=\"elementor-container elementor-column-gap-default\">\n\t\t\t\t\t<div class=\"elementor-column elementor-col-100 elementor-top-column elementor-element elementor-element-9335bb9\" data-id=\"9335bb9\" data-element_type=\"column\">\n\t\t\t<div class=\"elementor-widget-wrap elementor-element-populated\">\n\t\t\t\t\t\t<div class=\"elementor-element elementor-element-76caaf1 elementor-widget elementor-widget-text-editor\" data-id=\"76caaf1\" data-element_type=\"widget\" data-widget_type=\"text-editor.default\">\n\t\t\t\t\t\t\t\t\t<h6><span class=\"ez-toc-section\" id=\"ADMINISTRATOR_DANYCH\"><\/span><strong>ADMINISTRATOR DANYCH<\/strong><span class=\"ez-toc-section-end\"><\/span><\/h6><p class=\"mb-6\">Podmiotem zamieszczaj\u0105cym na urz\u0105dzeniu ko\u0144cowym U\u017cytkownika Serwisu pliki cookies(tzw. \u201eciasteczka\u201d) oraz uzyskuj\u0105cym do nich dost\u0119p jest operator Fundacja Freedom Business Area z siedzib\u0105 w Radomiu przy ul. Henryka Sienkiewicza nr 36 lok. 5, 26-600 Radom. Ze Administratorem mo\u017cesz kontaktowa\u0107 si\u0119 za po\u015brednictwem poczty tradycyjnej, telefonicznie +48 881 488 280 lub za po\u015brednictwem poczty elektronicznej: rodo@fba.ink.<\/p><h6><span class=\"ez-toc-section\" id=\"PLIKI_COOKIES_WYKORZYSTYWANE_SA_W_CELU\"><\/span><strong>PLIKI COOKIES WYKORZYSTYWANE S\u0104 W CELU:<\/strong><span class=\"ez-toc-section-end\"><\/span><\/h6><p class=\"mb-6\">a) Dostosowania zawarto\u015bci stron internetowych Serwisu do preferencji U\u017cytkownika oraz optymalizacji korzystania ze stron internetowych; w szczeg\u00f3lno\u015bci pliki te pozwalaj\u0105 rozpozna\u0107 urz\u0105dzenie U\u017cytkownika Serwisu i odpowiednio wy\u015bwietli\u0107 stron\u0119 internetow\u0105, dostosowan\u0105 do jego indywidualnych potrzeb;<br \/>b) Tworzenia statystyk, kt\u00f3re pomagaj\u0105 zrozumie\u0107, w jaki spos\u00f3b U\u017cytkownicy Serwisu korzystaj\u0105 ze stron internetowych, co umo\u017cliwia ulepszanie ich struktury i zawarto\u015bci;<br \/>c) Utrzymanie sesji U\u017cytkownika Serwisu (po zalogowaniu), dzi\u0119ki kt\u00f3rej U\u017cytkownik nie musi na ka\u017cdej podstronie Serwisu ponownie wpisywa\u0107 loginu i has\u0142a;<br \/>W wielu przypadkach oprogramowanie s\u0142u\u017c\u0105ce do przegl\u0105dania stron internetowych (przegl\u0105darka internetowa) domy\u015blnie dopuszcza przechowywanie plik\u00f3w cookies w urz\u0105dzeniu ko\u0144cowym U\u017cytkownika. U\u017cytkownicy Serwisu mog\u0105 dokona\u0107 w ka\u017cdym czasie zmiany ustawie\u0144 dotycz\u0105cych plik\u00f3w cookies. Ustawienia te mog\u0105 zosta\u0107 zmienione w szczeg\u00f3lno\u015bci w taki spos\u00f3b, aby blokowa\u0107 automatyczn\u0105 obs\u0142ug\u0119 plik\u00f3w cookies w ustawieniach przegl\u0105darki internetowej b\u0105d\u017a informowa\u0107 o ich ka\u017cdorazowym zamieszczeniu w urz\u0105dzeniu U\u017cytkownika Serwisu.<\/p><p class=\"mb-6\">Szczeg\u00f3\u0142owe informacje o mo\u017cliwo\u015bci i sposobach obs\u0142ugi plik\u00f3w cookies dost\u0119pne s\u0105 w ustawieniach oprogramowania (przegl\u0105darki internetowej) np.:<\/p><ul><li>\u2013 w przegl\u0105darce Internet Explorer<\/li><li>\u2013 w przegl\u0105darce Mozilla Firefox<\/li><li>\u2013 w przegl\u0105darce Chrome<\/li><li>\u2013 w przegl\u0105darce Safari<\/li><li>\u2013 w przegl\u0105darce Opera<\/li><\/ul><p class=\"mb-6\">Operator Serwisu informuje, \u017ce ograniczenia stosowania plik\u00f3w cookies mog\u0105 wp\u0142yn\u0105\u0107 na niekt\u00f3re funkcjonalno\u015bci dost\u0119pne na stronach internetowych Serwisu.<br \/>Pliki cookies zamieszczane w urz\u0105dzeniu ko\u0144cowym U\u017cytkownika Serwisu i wykorzystywane mog\u0105 by\u0107 r\u00f3wnie\u017c przez wsp\u00f3\u0142pracuj\u0105cych z operatorem partner\u00f3w.<\/p><h6><span class=\"ez-toc-section\" id=\"KONTAKT_Z_ADMINISTRATOREM\"><\/span><strong>KONTAKT Z ADMINISTRATOREM<\/strong><span class=\"ez-toc-section-end\"><\/span><\/h6><p>Administrator udziela odpowiedzi na pytania i w\u0105tpliwo\u015bci dotycz\u0105ce przetwarzania Twoich danych osobowych, a tak\u017ce przyjmuje wszelkie uwagi i zastrze\u017cenia w tym zakresie. Z Administratorem mo\u017cesz si\u0119 skontaktowa\u0107 telefonicznie +48 881 488 280, za po\u015brednictwem poczty elektronicznej rodo@fba.ink lub za po\u015brednictwem poczty tradycyjnej.<\/p>\t\t\t\t\t\t\t\t<\/div>\n\t\t\t\t\t<\/div>\n\t\t<\/div>\n\t\t\t\t\t<\/div>\n\t\t<\/section>\n\t\t\t\t<\/div>\n\t\t","protected":false},"excerpt":{"rendered":"<p>COOKIES COOKIESPolityka cookies ADMINISTRATOR DANYCH Podmiotem zamieszczaj\u0105cym na urz\u0105dzeniu ko\u0144cowym U\u017cytkownika Serwisu pliki cookies(tzw. \u201eciasteczka\u201d) oraz uzyskuj\u0105cym do nich dost\u0119p jest operator Fundacja Freedom Business Area z siedzib\u0105 w Radomiu przy ul. Henryka Sienkiewicza nr 36 lok. 5, 26-600 Radom. Ze Administratorem mo\u017cesz kontaktowa\u0107 si\u0119 za po\u015brednictwem poczty tradycyjnej, telefonicznie +48 881 488 280 lub za po\u015brednictwem poczty elektronicznej: rodo@fba.ink. PLIKI COOKIES WYKORZYSTYWANE S\u0104 W CELU: a) Dostosowania zawarto\u015bci stron internetowych Serwisu do preferencji U\u017cytkownika oraz optymalizacji korzystania ze stron internetowych; w szczeg\u00f3lno\u015bci pliki te pozwalaj\u0105 rozpozna\u0107 urz\u0105dzenie U\u017cytkownika Serwisu i odpowiednio wy\u015bwietli\u0107 stron\u0119 internetow\u0105, dostosowan\u0105 do jego indywidualnych potrzeb;b) Tworzenia statystyk, kt\u00f3re pomagaj\u0105 zrozumie\u0107, w jaki spos\u00f3b U\u017cytkownicy Serwisu korzystaj\u0105 ze stron internetowych, co umo\u017cliwia ulepszanie ich struktury i zawarto\u015bci;c) Utrzymanie sesji U\u017cytkownika Serwisu (po zalogowaniu), dzi\u0119ki kt\u00f3rej U\u017cytkownik nie musi na ka\u017cdej podstronie Serwisu ponownie wpisywa\u0107 loginu i has\u0142a;W wielu przypadkach oprogramowanie s\u0142u\u017c\u0105ce do przegl\u0105dania stron internetowych (przegl\u0105darka internetowa) domy\u015blnie dopuszcza przechowywanie plik\u00f3w cookies w urz\u0105dzeniu ko\u0144cowym U\u017cytkownika. U\u017cytkownicy Serwisu mog\u0105 dokona\u0107 w ka\u017cdym czasie zmiany ustawie\u0144 dotycz\u0105cych plik\u00f3w cookies. Ustawienia te mog\u0105 zosta\u0107 zmienione w szczeg\u00f3lno\u015bci w taki spos\u00f3b, aby blokowa\u0107 automatyczn\u0105 obs\u0142ug\u0119 plik\u00f3w cookies w ustawieniach przegl\u0105darki internetowej b\u0105d\u017a informowa\u0107 o ich ka\u017cdorazowym zamieszczeniu w urz\u0105dzeniu U\u017cytkownika Serwisu. Szczeg\u00f3\u0142owe informacje o mo\u017cliwo\u015bci i sposobach obs\u0142ugi plik\u00f3w cookies dost\u0119pne s\u0105 w ustawieniach oprogramowania (przegl\u0105darki internetowej) np.: \u2013 w przegl\u0105darce Internet Explorer \u2013 w przegl\u0105darce Mozilla Firefox \u2013 w przegl\u0105darce Chrome \u2013 w przegl\u0105darce Safari \u2013 w przegl\u0105darce Opera Operator Serwisu informuje, \u017ce ograniczenia stosowania plik\u00f3w cookies mog\u0105 wp\u0142yn\u0105\u0107 na niekt\u00f3re funkcjonalno\u015bci dost\u0119pne na stronach internetowych Serwisu.Pliki cookies zamieszczane w urz\u0105dzeniu ko\u0144cowym U\u017cytkownika Serwisu i wykorzystywane mog\u0105 by\u0107 r\u00f3wnie\u017c przez wsp\u00f3\u0142pracuj\u0105cych z operatorem partner\u00f3w. KONTAKT Z ADMINISTRATOREM Administrator udziela odpowiedzi na pytania i w\u0105tpliwo\u015bci dotycz\u0105ce przetwarzania Twoich danych osobowych, a tak\u017ce przyjmuje wszelkie uwagi i zastrze\u017cenia w tym zakresie. Z Administratorem mo\u017cesz si\u0119 skontaktowa\u0107 telefonicznie +48 881 488 280, za po\u015brednictwem poczty elektronicznej rodo@fba.ink lub za po\u015brednictwem poczty tradycyjnej.<\/p>\n","protected":false},"author":1,"featured_media":0,"parent":0,"menu_order":0,"comment_status":"closed","ping_status":"open","template":"","meta":{"footnotes":""},"class_list":["post-45495","page","type-page","status-publish","hentry"],"yoast_head":"<!-- This site is optimized with the Yoast SEO plugin v24.4 - https:\/\/yoast.com\/wordpress\/plugins\/seo\/ -->\n<title>Polityka cookies - Freedom Business Area<\/title>\n<meta name=\"robots\" content=\"index, follow, max-snippet:-1, max-image-preview:large, max-video-preview:-1\" \/>\n<link rel=\"canonical\" href=\"https:\/\/fba.ink\/polityka-cookies\/\" \/>\n<meta name=\"twitter:card\" content=\"summary_large_image\" \/>\n<meta name=\"twitter:title\" content=\"Polityka cookies - Freedom Business Area\" \/>\n<meta name=\"twitter:description\" content=\"COOKIES COOKIESPolityka cookies ADMINISTRATOR DANYCH Podmiotem zamieszczaj\u0105cym na urz\u0105dzeniu ko\u0144cowym U\u017cytkownika Serwisu pliki cookies(tzw. \u201eciasteczka\u201d) oraz uzyskuj\u0105cym do nich dost\u0119p jest operator Fundacja Freedom Business Area z siedzib\u0105 w Radomiu przy ul. Henryka Sienkiewicza nr 36 lok. 5, 26-600 Radom. Ze Administratorem mo\u017cesz kontaktowa\u0107 si\u0119 za po\u015brednictwem poczty tradycyjnej, telefonicznie +48 881 488 280 lub za po\u015brednictwem poczty elektronicznej: rodo@fba.ink. PLIKI COOKIES WYKORZYSTYWANE S\u0104 W CELU: a) Dostosowania zawarto\u015bci stron internetowych Serwisu do preferencji U\u017cytkownika oraz optymalizacji korzystania ze stron internetowych; w szczeg\u00f3lno\u015bci pliki te pozwalaj\u0105 rozpozna\u0107 urz\u0105dzenie U\u017cytkownika Serwisu i odpowiednio wy\u015bwietli\u0107 stron\u0119 internetow\u0105, dostosowan\u0105 do jego indywidualnych potrzeb;b) Tworzenia statystyk, kt\u00f3re pomagaj\u0105 zrozumie\u0107, w jaki spos\u00f3b U\u017cytkownicy Serwisu korzystaj\u0105 ze stron internetowych, co umo\u017cliwia ulepszanie ich struktury i zawarto\u015bci;c) Utrzymanie sesji U\u017cytkownika Serwisu (po zalogowaniu), dzi\u0119ki kt\u00f3rej U\u017cytkownik nie musi na ka\u017cdej podstronie Serwisu ponownie wpisywa\u0107 loginu i has\u0142a;W wielu przypadkach oprogramowanie s\u0142u\u017c\u0105ce do przegl\u0105dania stron internetowych (przegl\u0105darka internetowa) domy\u015blnie dopuszcza przechowywanie plik\u00f3w cookies w urz\u0105dzeniu ko\u0144cowym U\u017cytkownika. U\u017cytkownicy Serwisu mog\u0105 dokona\u0107 w ka\u017cdym czasie zmiany ustawie\u0144 dotycz\u0105cych plik\u00f3w cookies. Ustawienia te mog\u0105 zosta\u0107 zmienione w szczeg\u00f3lno\u015bci w taki spos\u00f3b, aby blokowa\u0107 automatyczn\u0105 obs\u0142ug\u0119 plik\u00f3w cookies w ustawieniach przegl\u0105darki internetowej b\u0105d\u017a informowa\u0107 o ich ka\u017cdorazowym zamieszczeniu w urz\u0105dzeniu U\u017cytkownika Serwisu. Szczeg\u00f3\u0142owe informacje o mo\u017cliwo\u015bci i sposobach obs\u0142ugi plik\u00f3w cookies dost\u0119pne s\u0105 w ustawieniach oprogramowania (przegl\u0105darki internetowej) np.: \u2013 w przegl\u0105darce Internet Explorer \u2013 w przegl\u0105darce Mozilla Firefox \u2013 w przegl\u0105darce Chrome \u2013 w przegl\u0105darce Safari \u2013 w przegl\u0105darce Opera Operator Serwisu informuje, \u017ce ograniczenia stosowania plik\u00f3w cookies mog\u0105 wp\u0142yn\u0105\u0107 na niekt\u00f3re funkcjonalno\u015bci dost\u0119pne na stronach internetowych Serwisu.Pliki cookies zamieszczane w urz\u0105dzeniu ko\u0144cowym U\u017cytkownika Serwisu i wykorzystywane mog\u0105 by\u0107 r\u00f3wnie\u017c przez wsp\u00f3\u0142pracuj\u0105cych z operatorem partner\u00f3w. KONTAKT Z ADMINISTRATOREM Administrator udziela odpowiedzi na pytania i w\u0105tpliwo\u015bci dotycz\u0105ce przetwarzania Twoich danych osobowych, a tak\u017ce przyjmuje wszelkie uwagi i zastrze\u017cenia w tym zakresie. Z Administratorem mo\u017cesz si\u0119 skontaktowa\u0107 telefonicznie +48 881 488 280, za po\u015brednictwem poczty elektronicznej rodo@fba.ink lub za po\u015brednictwem poczty tradycyjnej.\" \/>\n<meta name=\"twitter:label1\" content=\"Szacowany czas czytania\" \/>\n\t<meta name=\"twitter:data1\" content=\"2 minuty\" \/>\n<script type=\"application\/ld+json\" class=\"yoast-schema-graph\">{\"@context\":\"https:\/\/schema.org\",\"@graph\":[{\"@type\":\"WebPage\",\"@id\":\"https:\/\/fba.ink\/polityka-cookies\/\",\"url\":\"https:\/\/fba.ink\/polityka-cookies\/\",\"name\":\"Polityka cookies - Freedom Business Area\",\"isPartOf\":{\"@id\":\"https:\/\/fba.ink\/#website\"},\"datePublished\":\"2024-02-05T15:03:10+00:00\",\"dateModified\":\"2024-02-15T23:35:13+00:00\",\"breadcrumb\":{\"@id\":\"https:\/\/fba.ink\/polityka-cookies\/#breadcrumb\"},\"inLanguage\":\"pl-PL\",\"potentialAction\":[{\"@type\":\"ReadAction\",\"target\":[\"https:\/\/fba.ink\/polityka-cookies\/\"]}]},{\"@type\":\"BreadcrumbList\",\"@id\":\"https:\/\/fba.ink\/polityka-cookies\/#breadcrumb\",\"itemListElement\":[{\"@type\":\"ListItem\",\"position\":1,\"name\":\"\u0413\u043b\u0430\u0432\u043d\u0430\u044f \u0441\u0442\u0440\u0430\u043d\u0438\u0446\u0430\",\"item\":\"https:\/\/fba.ink\/pl\/\"},{\"@type\":\"ListItem\",\"position\":2,\"name\":\"Polityka cookies\"}]},{\"@type\":\"WebSite\",\"@id\":\"https:\/\/fba.ink\/#website\",\"url\":\"https:\/\/fba.ink\/\",\"name\":\"Freedom Business Area\",\"description\":\"Biznes Inkubator\",\"publisher\":{\"@id\":\"https:\/\/fba.ink\/#organization\"},\"potentialAction\":[{\"@type\":\"SearchAction\",\"target\":{\"@type\":\"EntryPoint\",\"urlTemplate\":\"https:\/\/fba.ink\/?s={search_term_string}\"},\"query-input\":{\"@type\":\"PropertyValueSpecification\",\"valueRequired\":true,\"valueName\":\"search_term_string\"}}],\"inLanguage\":\"pl-PL\"},{\"@type\":\"Organization\",\"@id\":\"https:\/\/fba.ink\/#organization\",\"name\":\"Freedom Business Area\",\"url\":\"https:\/\/fba.ink\/\",\"logo\":{\"@type\":\"ImageObject\",\"inLanguage\":\"pl-PL\",\"@id\":\"https:\/\/fba.ink\/#\/schema\/logo\/image\/\",\"url\":\"\",\"contentUrl\":\"\",\"caption\":\"Freedom Business Area\"},\"image\":{\"@id\":\"https:\/\/fba.ink\/#\/schema\/logo\/image\/\"},\"sameAs\":[\"https:\/\/www.facebook.com\/freedombusinessarea\/\",\"https:\/\/www.linkedin.com\/company\/fba-ink\/\",\"https:\/\/www.instagram.com\/fba.ink.official\/\",\"https:\/\/www.tiktok.com\/@fba.ink\"]}]}<\/script>\n<!-- \/ Yoast SEO plugin. -->","yoast_head_json":{"title":"Polityka cookies - Freedom Business Area","robots":{"index":"index","follow":"follow","max-snippet":"max-snippet:-1","max-image-preview":"max-image-preview:large","max-video-preview":"max-video-preview:-1"},"canonical":"https:\/\/fba.ink\/polityka-cookies\/","twitter_card":"summary_large_image","twitter_title":"Polityka cookies - Freedom Business Area","twitter_description":"COOKIES COOKIESPolityka cookies ADMINISTRATOR DANYCH Podmiotem zamieszczaj\u0105cym na urz\u0105dzeniu ko\u0144cowym U\u017cytkownika Serwisu pliki cookies(tzw. \u201eciasteczka\u201d) oraz uzyskuj\u0105cym do nich dost\u0119p jest operator Fundacja Freedom Business Area z siedzib\u0105 w Radomiu przy ul. Henryka Sienkiewicza nr 36 lok. 5, 26-600 Radom. Ze Administratorem mo\u017cesz kontaktowa\u0107 si\u0119 za po\u015brednictwem poczty tradycyjnej, telefonicznie +48 881 488 280 lub za po\u015brednictwem poczty elektronicznej: rodo@fba.ink. PLIKI COOKIES WYKORZYSTYWANE S\u0104 W CELU: a) Dostosowania zawarto\u015bci stron internetowych Serwisu do preferencji U\u017cytkownika oraz optymalizacji korzystania ze stron internetowych; w szczeg\u00f3lno\u015bci pliki te pozwalaj\u0105 rozpozna\u0107 urz\u0105dzenie U\u017cytkownika Serwisu i odpowiednio wy\u015bwietli\u0107 stron\u0119 internetow\u0105, dostosowan\u0105 do jego indywidualnych potrzeb;b) Tworzenia statystyk, kt\u00f3re pomagaj\u0105 zrozumie\u0107, w jaki spos\u00f3b U\u017cytkownicy Serwisu korzystaj\u0105 ze stron internetowych, co umo\u017cliwia ulepszanie ich struktury i zawarto\u015bci;c) Utrzymanie sesji U\u017cytkownika Serwisu (po zalogowaniu), dzi\u0119ki kt\u00f3rej U\u017cytkownik nie musi na ka\u017cdej podstronie Serwisu ponownie wpisywa\u0107 loginu i has\u0142a;W wielu przypadkach oprogramowanie s\u0142u\u017c\u0105ce do przegl\u0105dania stron internetowych (przegl\u0105darka internetowa) domy\u015blnie dopuszcza przechowywanie plik\u00f3w cookies w urz\u0105dzeniu ko\u0144cowym U\u017cytkownika. U\u017cytkownicy Serwisu mog\u0105 dokona\u0107 w ka\u017cdym czasie zmiany ustawie\u0144 dotycz\u0105cych plik\u00f3w cookies. Ustawienia te mog\u0105 zosta\u0107 zmienione w szczeg\u00f3lno\u015bci w taki spos\u00f3b, aby blokowa\u0107 automatyczn\u0105 obs\u0142ug\u0119 plik\u00f3w cookies w ustawieniach przegl\u0105darki internetowej b\u0105d\u017a informowa\u0107 o ich ka\u017cdorazowym zamieszczeniu w urz\u0105dzeniu U\u017cytkownika Serwisu. Szczeg\u00f3\u0142owe informacje o mo\u017cliwo\u015bci i sposobach obs\u0142ugi plik\u00f3w cookies dost\u0119pne s\u0105 w ustawieniach oprogramowania (przegl\u0105darki internetowej) np.: \u2013 w przegl\u0105darce Internet Explorer \u2013 w przegl\u0105darce Mozilla Firefox \u2013 w przegl\u0105darce Chrome \u2013 w przegl\u0105darce Safari \u2013 w przegl\u0105darce Opera Operator Serwisu informuje, \u017ce ograniczenia stosowania plik\u00f3w cookies mog\u0105 wp\u0142yn\u0105\u0107 na niekt\u00f3re funkcjonalno\u015bci dost\u0119pne na stronach internetowych Serwisu.Pliki cookies zamieszczane w urz\u0105dzeniu ko\u0144cowym U\u017cytkownika Serwisu i wykorzystywane mog\u0105 by\u0107 r\u00f3wnie\u017c przez wsp\u00f3\u0142pracuj\u0105cych z operatorem partner\u00f3w. KONTAKT Z ADMINISTRATOREM Administrator udziela odpowiedzi na pytania i w\u0105tpliwo\u015bci dotycz\u0105ce przetwarzania Twoich danych osobowych, a tak\u017ce przyjmuje wszelkie uwagi i zastrze\u017cenia w tym zakresie. Z Administratorem mo\u017cesz si\u0119 skontaktowa\u0107 telefonicznie +48 881 488 280, za po\u015brednictwem poczty elektronicznej rodo@fba.ink lub za po\u015brednictwem poczty tradycyjnej.","twitter_misc":{"Szacowany czas czytania":"2 minuty"},"schema":{"@context":"https:\/\/schema.org","@graph":[{"@type":"WebPage","@id":"https:\/\/fba.ink\/polityka-cookies\/","url":"https:\/\/fba.ink\/polityka-cookies\/","name":"Polityka cookies - Freedom Business Area","isPartOf":{"@id":"https:\/\/fba.ink\/#website"},"datePublished":"2024-02-05T15:03:10+00:00","dateModified":"2024-02-15T23:35:13+00:00","breadcrumb":{"@id":"https:\/\/fba.ink\/polityka-cookies\/#breadcrumb"},"inLanguage":"pl-PL","potentialAction":[{"@type":"ReadAction","target":["https:\/\/fba.ink\/polityka-cookies\/"]}]},{"@type":"BreadcrumbList","@id":"https:\/\/fba.ink\/polityka-cookies\/#breadcrumb","itemListElement":[{"@type":"ListItem","position":1,"name":"\u0413\u043b\u0430\u0432\u043d\u0430\u044f \u0441\u0442\u0440\u0430\u043d\u0438\u0446\u0430","item":"https:\/\/fba.ink\/pl\/"},{"@type":"ListItem","position":2,"name":"Polityka cookies"}]},{"@type":"WebSite","@id":"https:\/\/fba.ink\/#website","url":"https:\/\/fba.ink\/","name":"Freedom Business Area","description":"Biznes Inkubator","publisher":{"@id":"https:\/\/fba.ink\/#organization"},"potentialAction":[{"@type":"SearchAction","target":{"@type":"EntryPoint","urlTemplate":"https:\/\/fba.ink\/?s={search_term_string}"},"query-input":{"@type":"PropertyValueSpecification","valueRequired":true,"valueName":"search_term_string"}}],"inLanguage":"pl-PL"},{"@type":"Organization","@id":"https:\/\/fba.ink\/#organization","name":"Freedom Business Area","url":"https:\/\/fba.ink\/","logo":{"@type":"ImageObject","inLanguage":"pl-PL","@id":"https:\/\/fba.ink\/#\/schema\/logo\/image\/","url":"","contentUrl":"","caption":"Freedom Business Area"},"image":{"@id":"https:\/\/fba.ink\/#\/schema\/logo\/image\/"},"sameAs":["https:\/\/www.facebook.com\/freedombusinessarea\/","https:\/\/www.linkedin.com\/company\/fba-ink\/","https:\/\/www.instagram.com\/fba.ink.official\/","https:\/\/www.tiktok.com\/@fba.ink"]}]}},"_links":{"self":[{"href":"https:\/\/fba.ink\/pl\/wp-json\/wp\/v2\/pages\/45495","targetHints":{"allow":["GET"]}}],"collection":[{"href":"https:\/\/fba.ink\/pl\/wp-json\/wp\/v2\/pages"}],"about":[{"href":"https:\/\/fba.ink\/pl\/wp-json\/wp\/v2\/types\/page"}],"author":[{"embeddable":true,"href":"https:\/\/fba.ink\/pl\/wp-json\/wp\/v2\/users\/1"}],"replies":[{"embeddable":true,"href":"https:\/\/fba.ink\/pl\/wp-json\/wp\/v2\/comments?post=45495"}],"version-history":[{"count":0,"href":"https:\/\/fba.ink\/pl\/wp-json\/wp\/v2\/pages\/45495\/revisions"}],"wp:attachment":[{"href":"https:\/\/fba.ink\/pl\/wp-json\/wp\/v2\/media?parent=45495"}],"curies":[{"name":"wp","href":"https:\/\/api.w.org\/{rel}","templated":true}]}}