{"id":50215,"date":"2025-06-03T14:23:38","date_gmt":"2025-06-03T14:23:38","guid":{"rendered":"https:\/\/fba.ink\/?page_id=50215"},"modified":"2025-07-03T21:01:52","modified_gmt":"2025-07-03T21:01:52","slug":"sygnalisci","status":"publish","type":"page","link":"https:\/\/fba.ink\/pl\/sygnalisci\/","title":{"rendered":"Sygnali\u015bci"},"content":{"rendered":"\t\t<div data-elementor-type=\"wp-page\" data-elementor-id=\"50215\" class=\"elementor elementor-50215\" data-elementor-post-type=\"page\">\n\t\t\t\t\t\t<section data-particle_enable=\"false\" data-particle-mobile-disabled=\"false\" class=\"elementor-section elementor-top-section elementor-element elementor-element-d7d2314 elementor-section-boxed elementor-section-height-default elementor-section-height-default\" data-id=\"d7d2314\" data-element_type=\"section\">\n\t\t\t\t\t\t<div class=\"elementor-container elementor-column-gap-default\">\n\t\t\t\t\t<div class=\"elementor-column elementor-col-100 elementor-top-column elementor-element elementor-element-e1e736e\" data-id=\"e1e736e\" data-element_type=\"column\">\n\t\t\t<div class=\"elementor-widget-wrap elementor-element-populated\">\n\t\t\t\t\t\t<div class=\"elementor-element elementor-element-3cb1b61 elementor-widget elementor-widget-rs-heading\" data-id=\"3cb1b61\" data-element_type=\"widget\" data-widget_type=\"rs-heading.default\">\n\t\t\t\t<div class=\"elementor-widget-container\">\n\t\t\t\t\t        <div class=\"rs-heading default center \">\r\n        \t<div class=\"title-inner\">\r\n        \t\t      \t\t\r\n\t            <span class=\"sub-text \">SYGNALI\u015aCI<\/span><h2 class=\"title\"><span class=\"watermark\">SYGNALI\u015aCI<\/span>INFORMACJA O WYBORACH PRZEDSTAWICIELAMI OS\u00d3B \u015aWIADCZ\u0104CYCH PRAC\u0118 NA RZECZ FUNDACJI FREEDOM BUSINESS AREA\n<\/h2>\t        <\/div>\r\n\t                <\/div>\r\n\r\n        \t\t\t\t<\/div>\n\t\t\t\t<\/div>\n\t\t\t\t\t<\/div>\n\t\t<\/div>\n\t\t\t\t\t<\/div>\n\t\t<\/section>\n\t\t\t\t<section data-particle_enable=\"false\" data-particle-mobile-disabled=\"false\" class=\"elementor-section elementor-top-section elementor-element elementor-element-8a4940a elementor-section-boxed elementor-section-height-default elementor-section-height-default\" data-id=\"8a4940a\" data-element_type=\"section\">\n\t\t\t\t\t\t<div class=\"elementor-container elementor-column-gap-default\">\n\t\t\t\t\t<div class=\"elementor-column elementor-col-100 elementor-top-column elementor-element elementor-element-9335bb9\" data-id=\"9335bb9\" data-element_type=\"column\">\n\t\t\t<div class=\"elementor-widget-wrap elementor-element-populated\">\n\t\t\t\t\t\t<div class=\"elementor-element elementor-element-76caaf1 elementor-widget elementor-widget-text-editor\" data-id=\"76caaf1\" data-element_type=\"widget\" data-widget_type=\"text-editor.default\">\n\t\t\t\t\t\t\t\t\t<p style=\"font-weight: 400;\">Drodzy Pa\u0144stwo,<\/p><p style=\"font-weight: 400;\">w zwi\u0105zku z wej\u015bciem w \u017cycie ustawy z dnia 14 czerwca 2024 r. o ochronie sygnalist\u00f3w (dalej: \u201e<strong>Ustawa o Sygnalistach<\/strong>\u201d), informujemy, \u017ce Fundacja Freedom Business Area z siedzib\u0105 w Radomiu (dalej: \u201e<strong>FBA<\/strong>\u201d) \u2013 dzia\u0142aj\u0105c w trybie art. 24 ust. 3 pkt 1 Ustawy o Sygnalistach \u2013 zamierza wy\u0142oni\u0107 przedstawicielami os\u00f3b \u015bwiadcz\u0105cych prac\u0119 na rzecz FBA celem przeprowadzania z tymi przedstawicielami konsultacji projektu procedury zg\u0142osze\u0144 wewn\u0119trznych<\/p><p style=\"font-weight: 400;\">Informujemy wi\u0119c, \u017ce je\u017celi nale\u017c\u0105 Pa\u0144stwo do os\u00f3b \u015bwiadcz\u0105cych prac\u0119 na rzecz FBA, w tym na innej podstawie ni\u017c stosunek pracy (np. na podstawie umowy cywilnoprawnej), mog\u0105 Pa\u0144stwo zg\u0142osi\u0107 swoj\u0105 kandydatur\u0119, aby zosta\u0107 wybranym jako jeden z przedstawicieli os\u00f3b \u015bwiadcz\u0105cych prac\u0119 na rzecz FBA. Zg\u0142oszenia mo\u017cna wysy\u0142a\u0107 mailowo na adres e-mail: sygnalisci@fba.ink, do dnia 20.12.2024 r.<\/p><p style=\"font-weight: 400;\">Jednocze\u015bnie informujemy, \u017ce w przypadku, gdy liczba wszystkich zg\u0142osze\u0144 nie przekroczy 10 os\u00f3b, w\u00f3wczas ka\u017cda osoba, kt\u00f3ry zg\u0142osi swoj\u0105 kandydatur\u0119 zostanie uznana za wy\u0142onionego przedstawiciela os\u00f3b \u015bwiadcz\u0105cych prac\u0119 na rzecz FBA.<\/p><p style=\"font-weight: 400;\">W razie pyta\u0144 prosimy o kontakt mailowy, pisz\u0105c na adres e-mail: rodo@fba.ink.<\/p><p style=\"font-weight: 400;\">Z powa\u017caniem,<\/p><p style=\"font-weight: 400;\">Zesp\u00f3\u0142 FBA<\/p>\t\t\t\t\t\t\t\t<\/div>\n\t\t\t\t\t<\/div>\n\t\t<\/div>\n\t\t\t\t\t<\/div>\n\t\t<\/section>\n\t\t\t\t<\/div>\n\t\t","protected":false},"excerpt":{"rendered":"<p>SYGNALI\u015aCI SYGNALI\u015aCIINFORMACJA O WYBORACH PRZEDSTAWICIELAMI OS\u00d3B \u015aWIADCZ\u0104CYCH PRAC\u0118 NA RZECZ FUNDACJI FREEDOM BUSINESS AREA Drodzy Pa\u0144stwo, w zwi\u0105zku z wej\u015bciem w \u017cycie ustawy z dnia 14 czerwca 2024 r. o ochronie sygnalist\u00f3w (dalej: \u201eUstawa o Sygnalistach\u201d), informujemy, \u017ce Fundacja Freedom Business Area z siedzib\u0105 w Radomiu (dalej: \u201eFBA\u201d) \u2013 dzia\u0142aj\u0105c w trybie art. 24 ust. 3 pkt 1 Ustawy o Sygnalistach \u2013 zamierza wy\u0142oni\u0107 przedstawicielami os\u00f3b \u015bwiadcz\u0105cych prac\u0119 na rzecz FBA celem przeprowadzania z tymi przedstawicielami konsultacji projektu procedury zg\u0142osze\u0144 wewn\u0119trznych Informujemy wi\u0119c, \u017ce je\u017celi nale\u017c\u0105 Pa\u0144stwo do os\u00f3b \u015bwiadcz\u0105cych prac\u0119 na rzecz FBA, w tym na innej podstawie ni\u017c stosunek pracy (np. na podstawie umowy cywilnoprawnej), mog\u0105 Pa\u0144stwo zg\u0142osi\u0107 swoj\u0105 kandydatur\u0119, aby zosta\u0107 wybranym jako jeden z przedstawicieli os\u00f3b \u015bwiadcz\u0105cych prac\u0119 na rzecz FBA. Zg\u0142oszenia mo\u017cna wysy\u0142a\u0107 mailowo na adres e-mail: sygnalisci@fba.ink, do dnia 20.12.2024 r. Jednocze\u015bnie informujemy, \u017ce w przypadku, gdy liczba wszystkich zg\u0142osze\u0144 nie przekroczy 10 os\u00f3b, w\u00f3wczas ka\u017cda osoba, kt\u00f3ry zg\u0142osi swoj\u0105 kandydatur\u0119 zostanie uznana za wy\u0142onionego przedstawiciela os\u00f3b \u015bwiadcz\u0105cych prac\u0119 na rzecz FBA. W razie pyta\u0144 prosimy o kontakt mailowy, pisz\u0105c na adres e-mail: rodo@fba.ink. Z powa\u017caniem, Zesp\u00f3\u0142 FBA<\/p>\n","protected":false},"author":1,"featured_media":0,"parent":0,"menu_order":0,"comment_status":"closed","ping_status":"open","template":"","meta":{"footnotes":""},"class_list":["post-50215","page","type-page","status-publish","hentry"],"yoast_head":"<!-- This site is optimized with the Yoast SEO plugin v24.4 - https:\/\/yoast.com\/wordpress\/plugins\/seo\/ -->\n<title>Sygnali\u015bci - Freedom Business Area<\/title>\n<meta name=\"robots\" content=\"index, follow, max-snippet:-1, max-image-preview:large, max-video-preview:-1\" \/>\n<link rel=\"canonical\" href=\"https:\/\/fba.ink\/pl\/sygnalisci\/\" \/>\n<meta name=\"twitter:card\" content=\"summary_large_image\" \/>\n<meta name=\"twitter:title\" content=\"Sygnali\u015bci - Freedom Business Area\" \/>\n<meta name=\"twitter:description\" content=\"SYGNALI\u015aCI SYGNALI\u015aCIINFORMACJA O WYBORACH PRZEDSTAWICIELAMI OS\u00d3B \u015aWIADCZ\u0104CYCH PRAC\u0118 NA RZECZ FUNDACJI FREEDOM BUSINESS AREA Drodzy Pa\u0144stwo, w zwi\u0105zku z wej\u015bciem w \u017cycie ustawy z dnia 14 czerwca 2024 r. o ochronie sygnalist\u00f3w (dalej: \u201eUstawa o Sygnalistach\u201d), informujemy, \u017ce Fundacja Freedom Business Area z siedzib\u0105 w Radomiu (dalej: \u201eFBA\u201d) \u2013 dzia\u0142aj\u0105c w trybie art. 24 ust. 3 pkt 1 Ustawy o Sygnalistach \u2013 zamierza wy\u0142oni\u0107 przedstawicielami os\u00f3b \u015bwiadcz\u0105cych prac\u0119 na rzecz FBA celem przeprowadzania z tymi przedstawicielami konsultacji projektu procedury zg\u0142osze\u0144 wewn\u0119trznych Informujemy wi\u0119c, \u017ce je\u017celi nale\u017c\u0105 Pa\u0144stwo do os\u00f3b \u015bwiadcz\u0105cych prac\u0119 na rzecz FBA, w tym na innej podstawie ni\u017c stosunek pracy (np. na podstawie umowy cywilnoprawnej), mog\u0105 Pa\u0144stwo zg\u0142osi\u0107 swoj\u0105 kandydatur\u0119, aby zosta\u0107 wybranym jako jeden z przedstawicieli os\u00f3b \u015bwiadcz\u0105cych prac\u0119 na rzecz FBA. Zg\u0142oszenia mo\u017cna wysy\u0142a\u0107 mailowo na adres e-mail: sygnalisci@fba.ink, do dnia 20.12.2024 r. Jednocze\u015bnie informujemy, \u017ce w przypadku, gdy liczba wszystkich zg\u0142osze\u0144 nie przekroczy 10 os\u00f3b, w\u00f3wczas ka\u017cda osoba, kt\u00f3ry zg\u0142osi swoj\u0105 kandydatur\u0119 zostanie uznana za wy\u0142onionego przedstawiciela os\u00f3b \u015bwiadcz\u0105cych prac\u0119 na rzecz FBA. W razie pyta\u0144 prosimy o kontakt mailowy, pisz\u0105c na adres e-mail: rodo@fba.ink. Z powa\u017caniem, Zesp\u00f3\u0142 FBA\" \/>\n<meta name=\"twitter:label1\" content=\"Szacowany czas czytania\" \/>\n\t<meta name=\"twitter:data1\" content=\"1 minuta\" \/>\n<script type=\"application\/ld+json\" class=\"yoast-schema-graph\">{\"@context\":\"https:\/\/schema.org\",\"@graph\":[{\"@type\":\"WebPage\",\"@id\":\"https:\/\/fba.ink\/pl\/sygnalisci\/\",\"url\":\"https:\/\/fba.ink\/pl\/sygnalisci\/\",\"name\":\"Sygnali\u015bci - Freedom Business Area\",\"isPartOf\":{\"@id\":\"https:\/\/fba.ink\/#website\"},\"datePublished\":\"2025-06-03T14:23:38+00:00\",\"dateModified\":\"2025-07-03T21:01:52+00:00\",\"breadcrumb\":{\"@id\":\"https:\/\/fba.ink\/pl\/sygnalisci\/#breadcrumb\"},\"inLanguage\":\"pl-PL\",\"potentialAction\":[{\"@type\":\"ReadAction\",\"target\":[\"https:\/\/fba.ink\/pl\/sygnalisci\/\"]}]},{\"@type\":\"BreadcrumbList\",\"@id\":\"https:\/\/fba.ink\/pl\/sygnalisci\/#breadcrumb\",\"itemListElement\":[{\"@type\":\"ListItem\",\"position\":1,\"name\":\"\u0413\u043b\u0430\u0432\u043d\u0430\u044f \u0441\u0442\u0440\u0430\u043d\u0438\u0446\u0430\",\"item\":\"https:\/\/fba.ink\/pl\/\"},{\"@type\":\"ListItem\",\"position\":2,\"name\":\"Sygnali\u015bci\"}]},{\"@type\":\"WebSite\",\"@id\":\"https:\/\/fba.ink\/#website\",\"url\":\"https:\/\/fba.ink\/\",\"name\":\"Freedom Business Area\",\"description\":\"Biznes Inkubator\",\"publisher\":{\"@id\":\"https:\/\/fba.ink\/#organization\"},\"potentialAction\":[{\"@type\":\"SearchAction\",\"target\":{\"@type\":\"EntryPoint\",\"urlTemplate\":\"https:\/\/fba.ink\/?s={search_term_string}\"},\"query-input\":{\"@type\":\"PropertyValueSpecification\",\"valueRequired\":true,\"valueName\":\"search_term_string\"}}],\"inLanguage\":\"pl-PL\"},{\"@type\":\"Organization\",\"@id\":\"https:\/\/fba.ink\/#organization\",\"name\":\"Freedom Business Area\",\"url\":\"https:\/\/fba.ink\/\",\"logo\":{\"@type\":\"ImageObject\",\"inLanguage\":\"pl-PL\",\"@id\":\"https:\/\/fba.ink\/#\/schema\/logo\/image\/\",\"url\":\"\",\"contentUrl\":\"\",\"caption\":\"Freedom Business Area\"},\"image\":{\"@id\":\"https:\/\/fba.ink\/#\/schema\/logo\/image\/\"},\"sameAs\":[\"https:\/\/www.facebook.com\/freedombusinessarea\/\",\"https:\/\/www.linkedin.com\/company\/fba-ink\/\",\"https:\/\/www.instagram.com\/fba.ink.official\/\",\"https:\/\/www.tiktok.com\/@fba.ink\"]}]}<\/script>\n<!-- \/ Yoast SEO plugin. -->","yoast_head_json":{"title":"Sygnali\u015bci - Freedom Business Area","robots":{"index":"index","follow":"follow","max-snippet":"max-snippet:-1","max-image-preview":"max-image-preview:large","max-video-preview":"max-video-preview:-1"},"canonical":"https:\/\/fba.ink\/pl\/sygnalisci\/","twitter_card":"summary_large_image","twitter_title":"Sygnali\u015bci - Freedom Business Area","twitter_description":"SYGNALI\u015aCI SYGNALI\u015aCIINFORMACJA O WYBORACH PRZEDSTAWICIELAMI OS\u00d3B \u015aWIADCZ\u0104CYCH PRAC\u0118 NA RZECZ FUNDACJI FREEDOM BUSINESS AREA Drodzy Pa\u0144stwo, w zwi\u0105zku z wej\u015bciem w \u017cycie ustawy z dnia 14 czerwca 2024 r. o ochronie sygnalist\u00f3w (dalej: \u201eUstawa o Sygnalistach\u201d), informujemy, \u017ce Fundacja Freedom Business Area z siedzib\u0105 w Radomiu (dalej: \u201eFBA\u201d) \u2013 dzia\u0142aj\u0105c w trybie art. 24 ust. 3 pkt 1 Ustawy o Sygnalistach \u2013 zamierza wy\u0142oni\u0107 przedstawicielami os\u00f3b \u015bwiadcz\u0105cych prac\u0119 na rzecz FBA celem przeprowadzania z tymi przedstawicielami konsultacji projektu procedury zg\u0142osze\u0144 wewn\u0119trznych Informujemy wi\u0119c, \u017ce je\u017celi nale\u017c\u0105 Pa\u0144stwo do os\u00f3b \u015bwiadcz\u0105cych prac\u0119 na rzecz FBA, w tym na innej podstawie ni\u017c stosunek pracy (np. na podstawie umowy cywilnoprawnej), mog\u0105 Pa\u0144stwo zg\u0142osi\u0107 swoj\u0105 kandydatur\u0119, aby zosta\u0107 wybranym jako jeden z przedstawicieli os\u00f3b \u015bwiadcz\u0105cych prac\u0119 na rzecz FBA. Zg\u0142oszenia mo\u017cna wysy\u0142a\u0107 mailowo na adres e-mail: sygnalisci@fba.ink, do dnia 20.12.2024 r. Jednocze\u015bnie informujemy, \u017ce w przypadku, gdy liczba wszystkich zg\u0142osze\u0144 nie przekroczy 10 os\u00f3b, w\u00f3wczas ka\u017cda osoba, kt\u00f3ry zg\u0142osi swoj\u0105 kandydatur\u0119 zostanie uznana za wy\u0142onionego przedstawiciela os\u00f3b \u015bwiadcz\u0105cych prac\u0119 na rzecz FBA. W razie pyta\u0144 prosimy o kontakt mailowy, pisz\u0105c na adres e-mail: rodo@fba.ink. Z powa\u017caniem, Zesp\u00f3\u0142 FBA","twitter_misc":{"Szacowany czas czytania":"1 minuta"},"schema":{"@context":"https:\/\/schema.org","@graph":[{"@type":"WebPage","@id":"https:\/\/fba.ink\/pl\/sygnalisci\/","url":"https:\/\/fba.ink\/pl\/sygnalisci\/","name":"Sygnali\u015bci - Freedom Business Area","isPartOf":{"@id":"https:\/\/fba.ink\/#website"},"datePublished":"2025-06-03T14:23:38+00:00","dateModified":"2025-07-03T21:01:52+00:00","breadcrumb":{"@id":"https:\/\/fba.ink\/pl\/sygnalisci\/#breadcrumb"},"inLanguage":"pl-PL","potentialAction":[{"@type":"ReadAction","target":["https:\/\/fba.ink\/pl\/sygnalisci\/"]}]},{"@type":"BreadcrumbList","@id":"https:\/\/fba.ink\/pl\/sygnalisci\/#breadcrumb","itemListElement":[{"@type":"ListItem","position":1,"name":"\u0413\u043b\u0430\u0432\u043d\u0430\u044f \u0441\u0442\u0440\u0430\u043d\u0438\u0446\u0430","item":"https:\/\/fba.ink\/pl\/"},{"@type":"ListItem","position":2,"name":"Sygnali\u015bci"}]},{"@type":"WebSite","@id":"https:\/\/fba.ink\/#website","url":"https:\/\/fba.ink\/","name":"Freedom Business Area","description":"Biznes Inkubator","publisher":{"@id":"https:\/\/fba.ink\/#organization"},"potentialAction":[{"@type":"SearchAction","target":{"@type":"EntryPoint","urlTemplate":"https:\/\/fba.ink\/?s={search_term_string}"},"query-input":{"@type":"PropertyValueSpecification","valueRequired":true,"valueName":"search_term_string"}}],"inLanguage":"pl-PL"},{"@type":"Organization","@id":"https:\/\/fba.ink\/#organization","name":"Freedom Business Area","url":"https:\/\/fba.ink\/","logo":{"@type":"ImageObject","inLanguage":"pl-PL","@id":"https:\/\/fba.ink\/#\/schema\/logo\/image\/","url":"","contentUrl":"","caption":"Freedom Business Area"},"image":{"@id":"https:\/\/fba.ink\/#\/schema\/logo\/image\/"},"sameAs":["https:\/\/www.facebook.com\/freedombusinessarea\/","https:\/\/www.linkedin.com\/company\/fba-ink\/","https:\/\/www.instagram.com\/fba.ink.official\/","https:\/\/www.tiktok.com\/@fba.ink"]}]}},"_links":{"self":[{"href":"https:\/\/fba.ink\/pl\/wp-json\/wp\/v2\/pages\/50215","targetHints":{"allow":["GET"]}}],"collection":[{"href":"https:\/\/fba.ink\/pl\/wp-json\/wp\/v2\/pages"}],"about":[{"href":"https:\/\/fba.ink\/pl\/wp-json\/wp\/v2\/types\/page"}],"author":[{"embeddable":true,"href":"https:\/\/fba.ink\/pl\/wp-json\/wp\/v2\/users\/1"}],"replies":[{"embeddable":true,"href":"https:\/\/fba.ink\/pl\/wp-json\/wp\/v2\/comments?post=50215"}],"version-history":[{"count":18,"href":"https:\/\/fba.ink\/pl\/wp-json\/wp\/v2\/pages\/50215\/revisions"}],"predecessor-version":[{"id":50453,"href":"https:\/\/fba.ink\/pl\/wp-json\/wp\/v2\/pages\/50215\/revisions\/50453"}],"wp:attachment":[{"href":"https:\/\/fba.ink\/pl\/wp-json\/wp\/v2\/media?parent=50215"}],"curies":[{"name":"wp","href":"https:\/\/api.w.org\/{rel}","templated":true}]}}